{"id":279,"date":"2020-08-04T03:00:03","date_gmt":"2020-08-04T03:00:03","guid":{"rendered":"https:\/\/agrobermejo.es\/?page_id=279"},"modified":"2026-02-19T12:44:23","modified_gmt":"2026-02-19T12:44:23","slug":"cookies","status":"publish","type":"page","link":"https:\/\/agrobermejo.es\/?page_id=279","title":{"rendered":"Pol\u00edticas de Cookies"},"content":{"rendered":"\t\t<div data-elementor-type=\"wp-page\" data-elementor-id=\"279\" class=\"elementor elementor-279\">\n\t\t\t\t<div class=\"elementor-element elementor-element-e51f4f3 e-con-full e-flex e-con e-parent\" data-id=\"e51f4f3\" data-element_type=\"container\" data-e-type=\"container\" data-settings=\"{&quot;background_background&quot;:&quot;classic&quot;}\">\n\t\t<div class=\"elementor-element elementor-element-d293a60 e-con-full e-flex e-con e-child\" data-id=\"d293a60\" data-element_type=\"container\" data-e-type=\"container\">\n\t\t<div class=\"elementor-element elementor-element-ea8611b e-con-full e-flex e-con e-child\" data-id=\"ea8611b\" data-element_type=\"container\" data-e-type=\"container\">\n\t\t<div class=\"elementor-element elementor-element-27215b0 e-con-full e-flex e-con e-child\" data-id=\"27215b0\" data-element_type=\"container\" data-e-type=\"container\">\n\t\t\t\t<div class=\"elementor-element elementor-element-04ef43b elementor-widget elementor-widget-heading\" data-id=\"04ef43b\" data-element_type=\"widget\" data-e-type=\"widget\" data-widget_type=\"heading.default\">\n\t\t\t\t\t<h3 class=\"elementor-heading-title elementor-size-default\">AGROBERMEJO<\/h3>\t\t\t\t<\/div>\n\t\t\t\t<div class=\"elementor-element elementor-element-5445b37 elementor-widget-divider--view-line elementor-widget elementor-widget-divider\" data-id=\"5445b37\" data-element_type=\"widget\" data-e-type=\"widget\" data-widget_type=\"divider.default\">\n\t\t\t\t\t\t\t<div class=\"elementor-divider\">\n\t\t\t<span class=\"elementor-divider-separator\">\n\t\t\t\t\t\t<\/span>\n\t\t<\/div>\n\t\t\t\t\t\t<\/div>\n\t\t\t\t<div class=\"elementor-element elementor-element-b17924a elementor-widget elementor-widget-heading\" data-id=\"b17924a\" data-element_type=\"widget\" data-e-type=\"widget\" data-widget_type=\"heading.default\">\n\t\t\t\t\t<h1 class=\"elementor-heading-title elementor-size-default\">POL\u00cdTICAS DE USO DE COOKIES<\/h1>\t\t\t\t<\/div>\n\t\t\t\t<div class=\"elementor-element elementor-element-2011528 elementor-widget elementor-widget-text-editor\" data-id=\"2011528\" data-element_type=\"widget\" data-e-type=\"widget\" data-widget_type=\"text-editor.default\">\n\t\t\t\t\t\t\t\t\t<p>Protegiendo tu informaci\u00f3n<\/p>\t\t\t\t\t\t\t\t<\/div>\n\t\t\t\t<\/div>\n\t\t\t\t<\/div>\n\t\t\t\t<\/div>\n\t\t\t\t<\/div>\n\t\t<div class=\"elementor-element elementor-element-9eca227 e-flex e-con-boxed e-con e-parent\" data-id=\"9eca227\" data-element_type=\"container\" data-e-type=\"container\">\n\t\t\t\t\t<div class=\"e-con-inner\">\n\t\t<div class=\"elementor-element elementor-element-621ddd1 e-con-full e-flex e-con e-child\" data-id=\"621ddd1\" data-element_type=\"container\" data-e-type=\"container\">\n\t\t\t\t<div class=\"elementor-element elementor-element-5e82dc5 elementor-widget elementor-widget-heading\" data-id=\"5e82dc5\" data-element_type=\"widget\" data-e-type=\"widget\" data-widget_type=\"heading.default\">\n\t\t\t\t\t<h2 class=\"elementor-heading-title elementor-size-default\">Pol\u00edticas de uso de cookies<\/h2>\t\t\t\t<\/div>\n\t\t\t\t<div class=\"elementor-element elementor-element-885a1d3 elementor-widget elementor-widget-text-editor\" data-id=\"885a1d3\" data-element_type=\"widget\" data-e-type=\"widget\" data-widget_type=\"text-editor.default\">\n\t\t\t\t\t\t\t\t\t<div class=\"elementor-element elementor-element-c68fca8 elementor-widget elementor-widget-text-editor\" data-id=\"c68fca8\" data-element_type=\"widget\" data-widget_type=\"text-editor.default\"><div class=\"elementor-widget-container\"><p>En cumplimiento con lo dispuesto en el art\u00edculo 22.2 de la Ley 34\/2002, de 11 de julio, de Servicios de la Sociedad de la Informaci\u00f3n y de Comercio Electr\u00f3nico, el Titular te informa que este sitio Web utiliza cookies, as\u00ed como sobre su pol\u00edtica de recogida y el tratamiento que hace de las mismas.<\/p><p>\u00bfQu\u00e9 son las cookies?<\/p><p>Una cookie es un fichero que se descarga en tu ordenador al entrar a determinadas p\u00e1ginas web. Las cookies permiten a una p\u00e1gina web, entre otras cosas, almacenar y recuperar informaci\u00f3n sobre tus h\u00e1bitos de navegaci\u00f3n y \u2014dependiendo de la informaci\u00f3n que contengan y de la forma en que utilices tu equipo\u2014 pueden utilizarse para identificarte.<\/p><p>Tipos de cookies utilizadas<\/p><p>El sitio Web <strong>Agrobermejo, S.L<\/strong><strong>.\u00a0<\/strong>utiliza los siguientes tipos de cookies:<\/p><p>Cookies de an\u00e1lisis:\u00a0Son aquellas que, bien tratadas por el sitio Web o por terceros, permiten cuantificar el n\u00famero de usuarios y as\u00ed realizar la medici\u00f3n y an\u00e1lisis estad\u00edstico de la utilizaci\u00f3n que hacen los usuarios del sitio Web. Para ello se analiza la navegaci\u00f3n que realizas en este sitio Web con el fin de mejorarlo.<\/p><p>Cookies t\u00e9cnicas:\u00a0Son aquellas tratadas por el sitio Web que permiten a los usuarios registrados navegar a trav\u00e9s del \u00e1rea restringida y a utilizar sus diferentes funciones, como por ejemplo, llevar a cabo el proceso de compra de un Producto o Servicio.<br \/>Algunas cookies son esenciales para el funcionamiento del sitio Web, por ejemplo, el sistema de comentarios o el buscador.<\/p><p>Cookies de personalizaci\u00f3n:\u00a0Son aquellas que permiten a los usuarios acceder al Servicio con algunas caracter\u00edsticas de car\u00e1cter general predefinidas en funci\u00f3n de una serie de criterios establecidos por el usuario como, por ejemplo, el idioma o el tipo de navegador a trav\u00e9s del cual se conecta a este sitio Web.<\/p><p>Desactivar las cookies<\/p><p>Puedes aceptar, bloquear o eliminar las cookies instaladas en tu equipo mediante la configuraci\u00f3n de las opciones del navegador.<\/p><p>En los siguientes enlaces encontrar\u00e1s instrucciones para habilitar o deshabilitar las cookies en los navegadores m\u00e1s comunes.<\/p><p>Firefox\u00a0http:\/\/support.mozilla.org\/es\/kb\/habilitar-y-deshabilitar-cookies-que-los-sitios-we<br \/>Safari\u00a0http:\/\/support.apple.com\/kb\/HT1677?viewlocale=es_ES<br \/>Google Chrome\u00a0https:\/\/support.google.com\/chrome\/answer\/95647?hl=es<\/p><p>Cookies de terceros<\/p><p>El sitio Web utiliza los servicios de Google Adsense y de Google Analytics que pueden instalar cookies que sirven para obtener estad\u00edsticas y datos publicitarios.<\/p><p>Advertencia sobre eliminar cookies<\/p><p>Puedes eliminar y bloquear las cookies de este sitio Web, pero parte del sitio no funcionar\u00e1 correctamente o su calidad puede verse afectada.<\/p><p>Contacto<\/p><p>En caso de que tengas cualquier duda acerca de esta Pol\u00edtica de Cookies o quieras realizar cualquier comentario sobre este sitio Web, puedes enviar un mensaje de correo electr\u00f3nico a la direcci\u00f3n <strong>agrobermejosl@gmail.com<\/strong><strong>.<\/strong><\/p><\/div><\/div>\t\t\t\t\t\t\t\t<\/div>\n\t\t\t\t<\/div>\n\t\t\t\t\t<\/div>\n\t\t\t\t<\/div>\n\t\t\t\t<\/div>\n\t\t","protected":false},"excerpt":{"rendered":"<p>AGROBERMEJO POL\u00cdTICAS DE USO DE COOKIES Protegiendo tu informaci\u00f3n Pol\u00edticas de uso de cookies En cumplimiento con lo dispuesto en el art\u00edculo 22.2 de la Ley 34\/2002, de 11 de julio, de Servicios de la Sociedad de la Informaci\u00f3n y de Comercio Electr\u00f3nico, el Titular te informa que este sitio Web utiliza cookies, as\u00ed como [&hellip;]<\/p>\n","protected":false},"author":2,"featured_media":0,"parent":0,"menu_order":0,"comment_status":"closed","ping_status":"closed","template":"","meta":{"site-sidebar-layout":"no-sidebar","site-content-layout":"page-builder","ast-site-content-layout":"full-width-container","site-content-style":"unboxed","site-sidebar-style":"unboxed","ast-global-header-display":"","ast-banner-title-visibility":"","ast-main-header-display":"","ast-hfb-above-header-display":"","ast-hfb-below-header-display":"","ast-hfb-mobile-header-display":"","site-post-title":"disabled","ast-breadcrumbs-content":"","ast-featured-img":"disabled","footer-sml-layout":"","ast-disable-related-posts":"","theme-transparent-header-meta":"enabled","adv-header-id-meta":"","stick-header-meta":"","header-above-stick-meta":"","header-main-stick-meta":"","header-below-stick-meta":"","astra-migrate-meta-layouts":"set","ast-page-background-enabled":"default","ast-page-background-meta":{"desktop":{"background-color":"","background-image":"","background-repeat":"repeat","background-position":"center center","background-size":"auto","background-attachment":"scroll","background-type":"","background-media":"","overlay-type":"","overlay-color":"","overlay-opacity":"","overlay-gradient":""},"tablet":{"background-color":"","background-image":"","background-repeat":"repeat","background-position":"center center","background-size":"auto","background-attachment":"scroll","background-type":"","background-media":"","overlay-type":"","overlay-color":"","overlay-opacity":"","overlay-gradient":""},"mobile":{"background-color":"","background-image":"","background-repeat":"repeat","background-position":"center center","background-size":"auto","background-attachment":"scroll","background-type":"","background-media":"","overlay-type":"","overlay-color":"","overlay-opacity":"","overlay-gradient":""}},"ast-content-background-meta":{"desktop":{"background-color":"var(--ast-global-color-5)","background-image":"","background-repeat":"repeat","background-position":"center center","background-size":"auto","background-attachment":"scroll","background-type":"","background-media":"","overlay-type":"","overlay-color":"","overlay-opacity":"","overlay-gradient":""},"tablet":{"background-color":"var(--ast-global-color-5)","background-image":"","background-repeat":"repeat","background-position":"center center","background-size":"auto","background-attachment":"scroll","background-type":"","background-media":"","overlay-type":"","overlay-color":"","overlay-opacity":"","overlay-gradient":""},"mobile":{"background-color":"var(--ast-global-color-5)","background-image":"","background-repeat":"repeat","background-position":"center center","background-size":"auto","background-attachment":"scroll","background-type":"","background-media":"","overlay-type":"","overlay-color":"","overlay-opacity":"","overlay-gradient":""}},"footnotes":""},"class_list":["post-279","page","type-page","status-publish","hentry"],"yoast_head":"<!-- This site is optimized with the Yoast SEO plugin v26.9 - https:\/\/yoast.com\/product\/yoast-seo-wordpress\/ -->\n<title>Pol\u00edticas de Cookies | Agrobermejo<\/title>\n<meta name=\"description\" content=\"Protegiendo tu informaci\u00f3n\" \/>\n<meta name=\"robots\" content=\"index, follow, max-snippet:-1, max-image-preview:large, max-video-preview:-1\" \/>\n<link rel=\"canonical\" href=\"https:\/\/agrobermejo.es\/?page_id=279\" \/>\n<meta property=\"og:locale\" content=\"es_ES\" \/>\n<meta property=\"og:type\" content=\"article\" \/>\n<meta property=\"og:title\" content=\"Pol\u00edticas de Cookies | Agrobermejo\" \/>\n<meta property=\"og:description\" content=\"Protegiendo tu informaci\u00f3n\" \/>\n<meta property=\"og:url\" content=\"https:\/\/agrobermejo.es\/?page_id=279\" \/>\n<meta property=\"og:site_name\" content=\"Agrobermejo\" \/>\n<meta property=\"article:modified_time\" content=\"2026-02-19T12:44:23+00:00\" \/>\n<meta name=\"twitter:card\" content=\"summary_large_image\" \/>\n<meta name=\"twitter:label1\" content=\"Tiempo de lectura\" \/>\n\t<meta name=\"twitter:data1\" content=\"2 minutos\" \/>\n<script type=\"application\/ld+json\" class=\"yoast-schema-graph\">{\"@context\":\"https:\/\/schema.org\",\"@graph\":[{\"@type\":\"WebPage\",\"@id\":\"https:\/\/agrobermejo.es\/?page_id=279\",\"url\":\"https:\/\/agrobermejo.es\/?page_id=279\",\"name\":\"Pol\u00edticas de Cookies | Agrobermejo\",\"isPartOf\":{\"@id\":\"https:\/\/agrobermejo.es\/#website\"},\"datePublished\":\"2020-08-04T03:00:03+00:00\",\"dateModified\":\"2026-02-19T12:44:23+00:00\",\"description\":\"Protegiendo tu informaci\u00f3n\",\"breadcrumb\":{\"@id\":\"https:\/\/agrobermejo.es\/?page_id=279#breadcrumb\"},\"inLanguage\":\"es\",\"potentialAction\":[{\"@type\":\"ReadAction\",\"target\":[\"https:\/\/agrobermejo.es\/?page_id=279\"]}]},{\"@type\":\"BreadcrumbList\",\"@id\":\"https:\/\/agrobermejo.es\/?page_id=279#breadcrumb\",\"itemListElement\":[{\"@type\":\"ListItem\",\"position\":1,\"name\":\"Portada\",\"item\":\"https:\/\/agrobermejo.es\/\"},{\"@type\":\"ListItem\",\"position\":2,\"name\":\"Pol\u00edticas de Cookies\"}]},{\"@type\":\"WebSite\",\"@id\":\"https:\/\/agrobermejo.es\/#website\",\"url\":\"https:\/\/agrobermejo.es\/\",\"name\":\"Agrobermejo\",\"description\":\"\",\"publisher\":{\"@id\":\"https:\/\/agrobermejo.es\/#organization\"},\"potentialAction\":[{\"@type\":\"SearchAction\",\"target\":{\"@type\":\"EntryPoint\",\"urlTemplate\":\"https:\/\/agrobermejo.es\/?s={search_term_string}\"},\"query-input\":{\"@type\":\"PropertyValueSpecification\",\"valueRequired\":true,\"valueName\":\"search_term_string\"}}],\"inLanguage\":\"es\"},{\"@type\":\"Organization\",\"@id\":\"https:\/\/agrobermejo.es\/#organization\",\"name\":\"Agrobermejo\",\"url\":\"https:\/\/agrobermejo.es\/\",\"logo\":{\"@type\":\"ImageObject\",\"inLanguage\":\"es\",\"@id\":\"https:\/\/agrobermejo.es\/#\/schema\/logo\/image\/\",\"url\":\"https:\/\/agrobermejo.es\/wp-content\/uploads\/2026\/02\/cropped-logoblanco-3.png\",\"contentUrl\":\"https:\/\/agrobermejo.es\/wp-content\/uploads\/2026\/02\/cropped-logoblanco-3.png\",\"width\":874,\"height\":369,\"caption\":\"Agrobermejo\"},\"image\":{\"@id\":\"https:\/\/agrobermejo.es\/#\/schema\/logo\/image\/\"}}]}<\/script>\n<!-- \/ Yoast SEO plugin. -->","yoast_head_json":{"title":"Pol\u00edticas de Cookies | Agrobermejo","description":"Protegiendo tu informaci\u00f3n","robots":{"index":"index","follow":"follow","max-snippet":"max-snippet:-1","max-image-preview":"max-image-preview:large","max-video-preview":"max-video-preview:-1"},"canonical":"https:\/\/agrobermejo.es\/?page_id=279","og_locale":"es_ES","og_type":"article","og_title":"Pol\u00edticas de Cookies | Agrobermejo","og_description":"Protegiendo tu informaci\u00f3n","og_url":"https:\/\/agrobermejo.es\/?page_id=279","og_site_name":"Agrobermejo","article_modified_time":"2026-02-19T12:44:23+00:00","twitter_card":"summary_large_image","twitter_misc":{"Tiempo de lectura":"2 minutos"},"schema":{"@context":"https:\/\/schema.org","@graph":[{"@type":"WebPage","@id":"https:\/\/agrobermejo.es\/?page_id=279","url":"https:\/\/agrobermejo.es\/?page_id=279","name":"Pol\u00edticas de Cookies | Agrobermejo","isPartOf":{"@id":"https:\/\/agrobermejo.es\/#website"},"datePublished":"2020-08-04T03:00:03+00:00","dateModified":"2026-02-19T12:44:23+00:00","description":"Protegiendo tu informaci\u00f3n","breadcrumb":{"@id":"https:\/\/agrobermejo.es\/?page_id=279#breadcrumb"},"inLanguage":"es","potentialAction":[{"@type":"ReadAction","target":["https:\/\/agrobermejo.es\/?page_id=279"]}]},{"@type":"BreadcrumbList","@id":"https:\/\/agrobermejo.es\/?page_id=279#breadcrumb","itemListElement":[{"@type":"ListItem","position":1,"name":"Portada","item":"https:\/\/agrobermejo.es\/"},{"@type":"ListItem","position":2,"name":"Pol\u00edticas de Cookies"}]},{"@type":"WebSite","@id":"https:\/\/agrobermejo.es\/#website","url":"https:\/\/agrobermejo.es\/","name":"Agrobermejo","description":"","publisher":{"@id":"https:\/\/agrobermejo.es\/#organization"},"potentialAction":[{"@type":"SearchAction","target":{"@type":"EntryPoint","urlTemplate":"https:\/\/agrobermejo.es\/?s={search_term_string}"},"query-input":{"@type":"PropertyValueSpecification","valueRequired":true,"valueName":"search_term_string"}}],"inLanguage":"es"},{"@type":"Organization","@id":"https:\/\/agrobermejo.es\/#organization","name":"Agrobermejo","url":"https:\/\/agrobermejo.es\/","logo":{"@type":"ImageObject","inLanguage":"es","@id":"https:\/\/agrobermejo.es\/#\/schema\/logo\/image\/","url":"https:\/\/agrobermejo.es\/wp-content\/uploads\/2026\/02\/cropped-logoblanco-3.png","contentUrl":"https:\/\/agrobermejo.es\/wp-content\/uploads\/2026\/02\/cropped-logoblanco-3.png","width":874,"height":369,"caption":"Agrobermejo"},"image":{"@id":"https:\/\/agrobermejo.es\/#\/schema\/logo\/image\/"}}]}},"_links":{"self":[{"href":"https:\/\/agrobermejo.es\/index.php?rest_route=\/wp\/v2\/pages\/279","targetHints":{"allow":["GET"]}}],"collection":[{"href":"https:\/\/agrobermejo.es\/index.php?rest_route=\/wp\/v2\/pages"}],"about":[{"href":"https:\/\/agrobermejo.es\/index.php?rest_route=\/wp\/v2\/types\/page"}],"author":[{"embeddable":true,"href":"https:\/\/agrobermejo.es\/index.php?rest_route=\/wp\/v2\/users\/2"}],"replies":[{"embeddable":true,"href":"https:\/\/agrobermejo.es\/index.php?rest_route=%2Fwp%2Fv2%2Fcomments&post=279"}],"version-history":[{"count":125,"href":"https:\/\/agrobermejo.es\/index.php?rest_route=\/wp\/v2\/pages\/279\/revisions"}],"predecessor-version":[{"id":1575,"href":"https:\/\/agrobermejo.es\/index.php?rest_route=\/wp\/v2\/pages\/279\/revisions\/1575"}],"wp:attachment":[{"href":"https:\/\/agrobermejo.es\/index.php?rest_route=%2Fwp%2Fv2%2Fmedia&parent=279"}],"curies":[{"name":"wp","href":"https:\/\/api.w.org\/{rel}","templated":true}]}}